{"id":14362,"date":"2024-11-27T13:09:33","date_gmt":"2024-11-27T13:09:33","guid":{"rendered":"https:\/\/www.technocamps.com\/en\/?page_id=14362"},"modified":"2026-01-09T16:04:54","modified_gmt":"2026-01-09T16:04:54","slug":"game-of-codes","status":"publish","type":"page","link":"https:\/\/www.technocamps.com\/cy\/game-of-codes\/","title":{"rendered":"G\u00eam o Godau"},"content":{"rendered":"<div id=\"cs-content\" class=\"cs-content\"><div class=\"x-section e14362-e1 mb2y-0 mb2y-1\"><div class=\"x-row x-container max width e14362-e2 mb2y-6 mb2y-7 mb2y-9 mb2y-a\"><div class=\"x-row-inner\"><div class=\"x-col e14362-e3 mb2y-h\"><div class=\"x-text x-text-headline e14362-e4 mb2y-i mb2y-j mb2y-k\"><div class=\"x-text-content\"><div class=\"x-text-content-text\"><h1 class=\"x-text-content-text-primary\">Cystadleuaeth G\u00eam y Codau 2026<\/h1>\n<\/div><\/div><\/div><\/div><\/div><\/div><\/div><div class=\"x-section e14362-e5 mb2y-0 mb2y-2 mb2y-3\"><div class=\"x-bg\" aria-hidden=\"true\"><div class=\"x-bg-layer-upper-image\" style=\" background-image: url(https:\/\/www.technocamps.com\/wp-content\/uploads\/2020\/10\/circuit-board.svg); background-repeat: no-repeat; background-position: center; background-size: cover;\"><\/div><\/div><div class=\"x-row x-container max width e14362-e6 mb2y-6 mb2y-8 mb2y-9 mb2y-b\"><div class=\"x-row-inner\"><div class=\"x-col e14362-e7 mb2y-h\"><div class=\"x-text x-text-headline e14362-e8 mb2y-i mb2y-k mb2y-l mb2y-m\"><div class=\"x-text-content\"><div class=\"x-text-content-text\"><h1 class=\"x-text-content-text-primary\">Mae G\u00eam y Codau YN \u00d4L!<\/h1>\n<\/div><\/div><\/div><hr class=\"x-line e14362-e9 mb2y-o mb2y-p\"\/><div class=\"x-text x-content e14362-e10 mb2y-r\"><div class=\"flex-shrink-0 flex flex-col relative items-end\">\n<div class=\"pt-0\">\n<div class=\"gizmo-bot-avatar flex h-8 w-8 items-center justify-center overflow-hidden rounded-full\">\n<div class=\"relative p-1 rounded-sm flex items-center justify-center bg-token-main-surface-primary text-token-text-primary h-8 w-8\" style=\"text-align: left;\">\n<p class=\"p1\">Mae G\u00eam y Codau yn \u00f4l gyda Chystadleuaeth Rhaglennu G\u00eam y Codau Cenedlaethol Technocamps ledled Cymru. Bydd y gystadleuaeth yn galluogi disgyblion sydd \u00e2 diddordeb i ddatblygu eu sgiliau datrys problemau, cyfathrebu a gwaith t\u00eem wrth wella eu gwybodaeth am raglennu cyfrifiadurol mewn ffordd hwyliog a dyfeisgar.<\/p>\n<\/div>\n<\/div>\n<\/div>\n<\/div><\/div><\/div><\/div><\/div><div class=\"x-row x-container max width e14362-e11 mb2y-6 mb2y-8 mb2y-9 mb2y-c\"><div class=\"x-row-inner\"><div class=\"x-col e14362-e12 mb2y-h\"><span class=\"x-image e14362-e13 mb2y-t\"><img decoding=\"async\" src=\"https:\/\/www.technocamps.com\/wp-content\/uploads\/12032025_Game-of-Codes_cardiff_48-1-scaled.jpg\" width=\"1280\" height=\"853\" alt=\"Image\" loading=\"lazy\"><\/span><\/div><div class=\"x-col e14362-e14 mb2y-h\"><span class=\"x-image e14362-e15 mb2y-t\"><img decoding=\"async\" src=\"https:\/\/www.technocamps.com\/wp-content\/uploads\/12032025_Game-of-Codes_cardiff_84-scaled.jpg\" width=\"1280\" height=\"853\" alt=\"Image\" loading=\"lazy\"><\/span><\/div><\/div><\/div><\/div><div class=\"x-section e14362-e16 mb2y-0 mb2y-3 mb2y-4\"><div class=\"x-bg\" aria-hidden=\"true\"><div class=\"x-bg-layer-lower-image\"><\/div><div class=\"x-bg-layer-upper-color\" style=\" background-color: rgb(231, 203, 27);\"><\/div><\/div><div class=\"x-row x-container max width e14362-e17 mb2y-6 mb2y-8 mb2y-9 mb2y-d\"><div class=\"x-row-inner\"><div class=\"x-col e14362-e18 mb2y-h\"><div class=\"x-text x-text-headline e14362-e19 mb2y-i mb2y-k mb2y-l mb2y-m\"><div class=\"x-text-content\"><div class=\"x-text-content-text\"><h1 class=\"x-text-content-text-primary translation-block\">Y Dyfodol: Dychmygu Addysg yn 2050<\/h1>\n<\/div><\/div><\/div><hr class=\"x-line e14362-e20 mb2y-o mb2y-p\"\/><div class=\"x-text x-content e14362-e21 mb2y-r\"><div class=\"flex-shrink-0 flex flex-col relative items-end\">\n<div class=\"pt-0\">\n<div class=\"gizmo-bot-avatar flex h-8 w-8 items-center justify-center overflow-hidden rounded-full\">\n<div class=\"relative p-1 rounded-sm flex items-center justify-center bg-token-main-surface-primary text-token-text-primary h-8 w-8\" style=\"text-align: left;\">\n<p class=\"p1\">Eleni, rydym yn eich gwahodd i gamu i'r dyfodol a dychmygu sut olwg fydd ar addysg yn y flwyddyn 2050. Sut fydd technoleg yn trawsnewid dysgu? Pa offer fydd myfyrwyr ac athrawon yn eu defnyddio? Sut fydd creadigrwydd, cydweithio ac arloesedd yn ailddiffinio ystafelloedd dosbarth?<\/p>\n<p class=\"p1\">Eich her yw creu darn o feddalwedd sy'n archwilio Addysg yn 2050. Meddyliwch yn eang:<\/p>\n<ul>\n<li class=\"p1\">A fydd ystafelloedd dosbarth yn gwbl rithwir?<\/li>\n<li class=\"p1\">A fydd tiwtoriaid AI yn personoli dysgu ar gyfer pob myfyriwr?<\/li>\n<li class=\"p1\">A allai efelychiadau trochi ddisodli gwerslyfrau?<\/li>\n<\/ul>\n<p>Rhaid i'ch meddalwedd fod \u00e2 dyluniad gwreiddiol a allai fod ar ffurf \u2014g\u00eam, ap, gwefan, cwis, neu animeiddiad\u2014a dylai gyflwyno'ch gweledigaeth o addysg y dyfodol mewn ffordd ddiddorol a gwreiddiol. Defnyddiwch unrhyw iaith godio rydych chi'n ei hoffi (Scratch, Python, Java, HTML, ac ati), ac mae croeso i chi ymgorffori caledwedd fel Raspberry Pi neu BBC micro:bits.<\/p>\n<p>Gallwch gystadlu fel t\u00eem neu fel unigolyn. Rhaid i bob cais ddarparu cyswllt athro (neu arweinydd clwb\/rhiant) a chael cefnogaeth eu hysgol cyn cofrestru. Nid oes cyfyngiad ar nifer y timau\/unigolion o ysgol gall gymryd rhan yn y gystadleuaeth.<\/p>\n<\/div>\n<\/div>\n<\/div>\n<\/div><\/div><\/div><\/div><\/div><\/div><div class=\"x-section e14362-e22 mb2y-0 mb2y-3 mb2y-5\"><div class=\"x-bg\" aria-hidden=\"true\"><div class=\"x-bg-layer-upper-image\" style=\" background-image: url(https:\/\/www.technocamps.com\/wp-content\/uploads\/2020\/10\/circuit-board.svg); background-repeat: no-repeat; background-position: center; background-size: cover;\"><\/div><\/div><div class=\"x-row x-container max width e14362-e23 mb2y-6 mb2y-8 mb2y-9 mb2y-e\"><div class=\"x-row-inner\"><div class=\"x-col e14362-e24 mb2y-h\"><div class=\"x-text x-text-headline e14362-e25 mb2y-i mb2y-m mb2y-n\"><div class=\"x-text-content\"><div class=\"x-text-content-text\"><h1 class=\"x-text-content-text-primary\">Gwybodaeth Allweddol<\/h1>\n<\/div><\/div><\/div><hr class=\"x-line e14362-e26 mb2y-p mb2y-q\"\/><div class=\"x-acc e14362-e27 mb2y-u\" id=\"x-acc-e14362-e27\"><div class=\"e14362-e28 x-acc-item\"><button id=\"tab-e14362-e28\" class=\"x-acc-header\" role=\"button\" type=\"button\" aria-expanded=\"false\" aria-controls=\"panel-e14362-e28\" data-x-toggle=\"collapse\" data-x-toggleable=\"e14362-e28\"><span class=\"x-acc-header-content\"><span class=\"x-acc-header-indicator\">&#x25b8;<\/span><span class=\"x-acc-header-text\"><strong>Cofrestriadau T\u00eem<\/strong><\/span><\/span><\/button><div id=\"panel-e14362-e28\" role=\"tabpanel\" aria-hidden=\"true\" aria-labelledby=\"tab-e14362-e28\" data-x-toggleable=\"e14362-e28\" data-x-toggle-collapse=\"1\" class=\"x-collapsed\"><div class=\"x-acc-content\"><div class=\"x-text x-content e14362-e29 mb2y-r mb2y-s\"><p class=\"p1\">Yn ystod y cyfnod cyn y gystadleuaeth, gall grwpiau yn eich dosbarth ysgol, disgyblion o'ch ysgol gynradd leol neu'ch Technoclub cyfan gyfrannu at ddatblygiad eich meddalwedd. Fodd bynnag, ar gyfer rownd derfynol y gystadleuaeth, bydd angen i chi enwebu t\u00eem o ddau i chwech o bobl o'r ysgol a allai fynychu'r gystadleuaeth derfynol a'r diwrnod gwobrwyo. Mae'n bwysig bod hwn yn gr\u0175p gallu cymysg.<\/p><\/div><\/div><\/div><\/div><div class=\"e14362-e30 x-acc-item\"><button id=\"tab-e14362-e30\" class=\"x-acc-header\" role=\"button\" type=\"button\" aria-expanded=\"false\" aria-controls=\"panel-e14362-e30\" data-x-toggle=\"collapse\" data-x-toggleable=\"e14362-e30\"><span class=\"x-acc-header-content\"><span class=\"x-acc-header-indicator\">&#x25b8;<\/span><span class=\"x-acc-header-text\"><strong>Gofynion Mynediad T\u00eem<\/strong><\/span><\/span><\/button><div id=\"panel-e14362-e30\" role=\"tabpanel\" aria-hidden=\"true\" aria-labelledby=\"tab-e14362-e30\" data-x-toggleable=\"e14362-e30\" data-x-toggle-collapse=\"1\" class=\"x-collapsed\"><div class=\"x-acc-content\"><div class=\"x-text x-content e14362-e31 mb2y-r mb2y-s\"><p class=\"p2\">Dylai timau gyflwyno poster a rhoi sylw i\u2019r canlynol:<\/p>\n<ul>\n<li class=\"p2\">Enw'r prosiect<\/li>\n<li class=\"p2\">Nod y prosiect - Ar gyfer pwy mae e?<\/li>\n<li class=\"p2\">Aelodau\u2019r t\u00eem<\/li>\n<li class=\"p2\">Sut cafodd y feddalwedd ei chreu? (e.e. pa iaith defnyddioch chi) Tystiolaeth o'ch meddalwedd (e.e. sgrinluniau, ffeiliau meddalwedd neu ffotograffau o'r cynnyrch terfynol)<\/li>\n<li class=\"p2\">Tystiolaeth o'ch meddalwedd (e.e. sgrinluniau, ffeiliau meddalwedd neu ffotograffau o'r cynnyrch terfynol)<\/li>\n<li class=\"p2\">Dyluniad y prosiect (Sut olwg oedd arno cyn i chi ddechrau codio? A oedd gennych unrhyw gymeriadau? Sut wnaethoch chi benderfynu beth oedd y prosiect yn mynd i'w gyflawni?)<\/li>\n<li class=\"p2\">Reflection (How did you make decisions as a team? Discuss the team responsibility of each member of your team. What steps did you take to make the software? Did you make any changes, if so, what changes did you make? What did you learn when creating the final project?)<\/li>\n<\/ul>\n<p><b>Mae enghreifftiau a thempledi poster ar gael <a href=\"\/cy\/tc1.me\/game-of-codes-25\/\">yma<\/a>.<\/b><\/p><\/div><\/div><\/div><\/div><div class=\"e14362-e32 x-acc-item\"><button id=\"tab-e14362-e32\" class=\"x-acc-header\" role=\"button\" type=\"button\" aria-expanded=\"false\" aria-controls=\"panel-e14362-e32\" data-x-toggle=\"collapse\" data-x-toggleable=\"e14362-e32\"><span class=\"x-acc-header-content\"><span class=\"x-acc-header-indicator\">&#x25b8;<\/span><span class=\"x-acc-header-text\"><strong>Cofrestriadau Unigol<\/strong><\/span><\/span><\/button><div id=\"panel-e14362-e32\" role=\"tabpanel\" aria-hidden=\"true\" aria-labelledby=\"tab-e14362-e32\" data-x-toggleable=\"e14362-e32\" data-x-toggle-collapse=\"1\" class=\"x-collapsed\"><div class=\"x-acc-content\"><div class=\"x-text x-content e14362-e33 mb2y-r\"><p class=\"p1\" style=\"text-align: left;\"><b>Mae ymgeisiadau unigol yn cael eu gwneud fel cyflwyniad poster, ac yn cwmpasu'r canlynol:<\/b><\/p>\n<ul style=\"text-align: left;\">\n<li class=\"p1\" style=\"text-align: left;\">Enw'r prosiect<\/li>\n<li class=\"p1\" style=\"text-align: left;\">Nod y prosiect - Ar gyfer pwy mae e?<\/li>\n<li class=\"p1\" style=\"text-align: left;\">Sut cafodd y feddalwedd ei chreu? (e.e. pa iaith defnyddioch chi) Tystiolaeth o'ch meddalwedd (e.e. sgrinluniau, ffeiliau meddalwedd neu ffotograffau o'r cynnyrch terfynol)<\/li>\n<li class=\"p1\" style=\"text-align: left;\">Tystiolaeth o'ch meddalwedd (e.e. sgrinluniau, ffeiliau meddalwedd neu ffotograffau o'r cynnyrch terfynol)<\/li>\n<li class=\"p1\" style=\"text-align: left;\">Dyluniad y prosiect (Sut olwg oedd arno cyn i chi ddechrau codio? A oedd gennych unrhyw gymeriadau? Sut wnaethoch chi benderfynu beth oedd y prosiect yn mynd i'w gyflawni?)<\/li>\n<li class=\"p1\" style=\"text-align: left;\">Myfyrdod (Sut wnaethoch chi benderfyniadau? Pa gamau wnaethoch chi eu cymryd i greu\u2019r meddalwedd? Wnaethoch chi unrhyw newidiadau, os felly, pa newidiadau? Beth ddysgoch chi wrth greu'r prosiect terfynol?)<br \/><br \/><b style=\"font-family: inherit; font-size: 1em; letter-spacing: 0em;\">Cofiwch wrth greu eich meddalwedd, mae'n hanfodol ystyried y canlynol:<br \/><br \/><\/b><\/li>\n<li class=\"p1\" style=\"text-align: left;\">A yw'ch meddalwedd yn arloesol? A fydd pobl eisiau ei ddefnyddio? Allwch chi gyrchu meddalwedd debyg ar y farchnad? Beth sy'n gwneud eich meddalwedd yn wahanol? Pam fyddai rhywun eisiau defnyddio'ch meddalwedd?<\/li>\n<li class=\"p1\" style=\"text-align: left;\">At bwy mae eich meddalwedd wedi'i anelu a sut byddwch chi'n eu targedu? Er enghraifft, os yw eich g\u00eam feddalwedd wedi'i thargedu at ferched yn eu harddegau, sut byddwch chi'n sicrhau eu bod am ddefnyddio'r feddalwedd?<br \/>Gwnewch i'ch meddalwedd edrych yn hwyl a byddwch yn greadigol!<\/li>\n<\/ul>\n<p class=\"p1\" style=\"text-align: left;\"><b>Mae enghreifftiau a thempledi poster ar gael <a href=\"\/cy\/tc1.me\/game-of-codes-25\/\">yma<\/a>.<\/b><\/p><\/div><\/div><\/div><\/div><div class=\"e14362-e34 x-acc-item\"><button id=\"tab-e14362-e34\" class=\"x-acc-header\" role=\"button\" type=\"button\" aria-expanded=\"false\" aria-controls=\"panel-e14362-e34\" data-x-toggle=\"collapse\" data-x-toggleable=\"e14362-e34\"><span class=\"x-acc-header-content\"><span class=\"x-acc-header-indicator\">&#x25b8;<\/span><span class=\"x-acc-header-text\"><strong>Sut i Ymgeisio<\/strong><\/span><\/span><\/button><div id=\"panel-e14362-e34\" role=\"tabpanel\" aria-hidden=\"true\" aria-labelledby=\"tab-e14362-e34\" data-x-toggleable=\"e14362-e34\" data-x-toggle-collapse=\"1\" class=\"x-collapsed\"><div class=\"x-acc-content\"><div class=\"x-text x-content e14362-e35 mb2y-r\"><p class=\"p1\" style=\"text-align: left;\">Gellir cyflwyno ceisiadau gan ddefnyddio'r dolenni isod erbyn 5pm ar <strong>Dydd Gwener 13 Chwefror 2026<\/strong> fan bellaf. <strong>Friday 13th February 2026<\/strong>.<\/p>\n<p class=\"p1\" style=\"text-align: left;\"><br \/>Bydd timau ar y rhestr fer yn cael eu hysbysu <strong>Dydd Llun 23 Chwefror 2026.<\/strong><\/p>\n<p class=\"p1 translation-block\" style=\"text-align: left;\">Bydd ymgeiswyr sydd wedi cyrraedd y rhestr fer yn cael eu gwahodd i fynychu Diwrnod Rownd Derfynol G\u00eam y Codau a gynhelir gan Ysgol Cyfrifiadureg a Gwybodeg yn eu hadeilad Abacws yng Nghaerdydd ar 26 Mawrth 2026, lle bydd cyfle i'r rhai sy'n cyrraedd y rownd derfynol arddangos eu cais i academyddion a beirniaid gwadd arbennig. Bydd y ceisiadau gorau yn derbyn gwobrau, a bydd pob t\u00eem yn derbyn Tystysgrif Presenoldeb a bag o bethau da.<\/p><\/div><\/div><\/div><\/div><div class=\"e14362-e36 x-acc-item\"><button id=\"tab-e14362-e36\" class=\"x-acc-header\" role=\"button\" type=\"button\" aria-expanded=\"false\" aria-controls=\"panel-e14362-e36\" data-x-toggle=\"collapse\" data-x-toggleable=\"e14362-e36\"><span class=\"x-acc-header-content\"><span class=\"x-acc-header-indicator\">&#x25b8;<\/span><span class=\"x-acc-header-text\"><strong>Cysylltwch \u00e2 ni!<\/strong><\/span><\/span><\/button><div id=\"panel-e14362-e36\" role=\"tabpanel\" aria-hidden=\"true\" aria-labelledby=\"tab-e14362-e36\" data-x-toggleable=\"e14362-e36\" data-x-toggle-collapse=\"1\" class=\"x-collapsed\"><div class=\"x-acc-content\"><div class=\"x-text x-content e14362-e37 mb2y-r\"><p class=\"p1\" style=\"text-align: left;\">Am unrhyw gyngor, cwestiynau neu gefnogaeth ar y Technocamps Cystadleuaeth G\u00eam y Codau, mae croeso i chi gysylltu \u00e2'r t\u00eem yn: <b>cardiff@technocamps.com<\/b><\/p><\/div><\/div><\/div><\/div><\/div><\/div><\/div><\/div><div class=\"x-row x-container max width e14362-e38 mb2y-6 mb2y-8 mb2y-9 mb2y-f\"><div class=\"x-row-inner\"><div class=\"x-col e14362-e39 mb2y-h\"><hr class=\"x-line e14362-e40 mb2y-p mb2y-q\"\/><div class=\"x-row e14362-e41 mb2y-6 mb2y-8 mb2y-9 mb2y-g\"><div class=\"x-row-inner\"><div class=\"x-col e14362-e42 mb2y-h\"><a class=\"x-anchor x-anchor-button e14362-e43 mb2y-v mb2y-w\" tabindex=\"0\" href=\"https:\/\/forms.office.com\/Pages\/ResponsePage.aspx?id=MEu3vWiVVki9vwZ1l3j8vJTtjqrgVEBPqJmJD13QiPhUOEFIM1dTM1NGSUlCQTNPNDk5MUtTTVc5UiQlQCNjPTEu\"><div class=\"x-anchor-content\"><div class=\"x-anchor-text\"><span class=\"x-anchor-text-primary\">Dolen Ffurflen Gais<\/span><\/div><\/div><\/a><\/div><div class=\"x-col e14362-e44 mb2y-h\"><a class=\"x-anchor x-anchor-button e14362-e45 mb2y-v mb2y-x\" tabindex=\"0\" href=\"https:\/\/www.technocamps.com\/wp-content\/uploads\/Game-of-Codes-2026-Information-Pack.pdf\"><div class=\"x-anchor-content\"><div class=\"x-anchor-text\"><span class=\"x-anchor-text-primary\">Pecyn Adnoddau<\/span><\/div><\/div><\/a><\/div><\/div><\/div><\/div><\/div><\/div><\/div><\/div>","protected":false},"excerpt":{"rendered":"<p>Game of Codes 2026 Game of Codes is BACK! Game of Codes is back with the Technocamps pan-Wales National Game of Codes Programming Competition. The competition will enable interested pupils to develop their problem solving, communication, and teamwork skills while improving their knowledge of computer programming in a fun and inventive way. The Future: Imagining Education in 2050 This year, &#8230; <a href=\"https:\/\/www.technocamps.com\/cy\/game-of-codes\/\" class=\"more-link\">Mwy<\/a><\/p>","protected":false},"author":22,"featured_media":14298,"parent":0,"menu_order":0,"comment_status":"closed","ping_status":"closed","template":"template-blank-4.php","meta":{"footnotes":""},"class_list":["post-14362","page","type-page","status-publish","has-post-thumbnail","hentry"],"yoast_head":"<!-- This site is optimized with the Yoast SEO plugin v26.8 - https:\/\/yoast.com\/product\/yoast-seo-wordpress\/ -->\n<title>Game of Codes - Technocamps<\/title>\n<meta name=\"robots\" content=\"index, follow, max-snippet:-1, max-image-preview:large, max-video-preview:-1\" \/>\n<link rel=\"canonical\" href=\"https:\/\/www.technocamps.com\/cy\/game-of-codes\/\" \/>\n<meta property=\"og:locale\" content=\"en_US\" \/>\n<meta property=\"og:type\" content=\"article\" \/>\n<meta property=\"og:title\" content=\"Game of Codes - Technocamps\" \/>\n<meta property=\"og:description\" content=\"Game of Codes 2026 Game of Codes is BACK! Game of Codes is back with the Technocamps pan-Wales National Game of Codes Programming Competition. The competition will enable interested pupils to develop their problem solving, communication, and teamwork skills while improving their knowledge of computer programming in a fun and inventive way. The Future: Imagining Education in 2050 This year, ... Read More\" \/>\n<meta property=\"og:url\" content=\"https:\/\/www.technocamps.com\/cy\/game-of-codes\/\" \/>\n<meta property=\"og:site_name\" content=\"Technocamps\" \/>\n<meta property=\"article:publisher\" content=\"https:\/\/www.facebook.com\/Technocamps\/\" \/>\n<meta property=\"article:modified_time\" content=\"2026-01-09T16:04:54+00:00\" \/>\n<meta property=\"og:image\" content=\"https:\/\/www.technocamps.com\/wp-content\/uploads\/Game-of-Codes-2025-web-image.png\" \/>\n\t<meta property=\"og:image:width\" content=\"3375\" \/>\n\t<meta property=\"og:image:height\" content=\"3375\" \/>\n\t<meta property=\"og:image:type\" content=\"image\/png\" \/>\n<meta name=\"twitter:card\" content=\"summary_large_image\" \/>\n<meta name=\"twitter:site\" content=\"@Technocamps\" \/>\n<meta name=\"twitter:label1\" content=\"Est. reading time\" \/>\n\t<meta name=\"twitter:data1\" content=\"3 munud\" \/>\n<script type=\"application\/ld+json\" class=\"yoast-schema-graph\">{\"@context\":\"https:\/\/schema.org\",\"@graph\":[{\"@type\":\"WebPage\",\"@id\":\"https:\/\/www.technocamps.com\/en\/game-of-codes\/\",\"url\":\"https:\/\/www.technocamps.com\/en\/game-of-codes\/\",\"name\":\"Game of Codes - Technocamps\",\"isPartOf\":{\"@id\":\"https:\/\/www.technocamps.com\/en\/#website\"},\"primaryImageOfPage\":{\"@id\":\"https:\/\/www.technocamps.com\/en\/game-of-codes\/#primaryimage\"},\"image\":{\"@id\":\"https:\/\/www.technocamps.com\/en\/game-of-codes\/#primaryimage\"},\"thumbnailUrl\":\"https:\/\/www.technocamps.com\/wp-content\/uploads\/Game-of-Codes-2025-web-image.png\",\"datePublished\":\"2024-11-27T13:09:33+00:00\",\"dateModified\":\"2026-01-09T16:04:54+00:00\",\"inLanguage\":\"cy\",\"potentialAction\":[{\"@type\":\"ReadAction\",\"target\":[\"https:\/\/www.technocamps.com\/en\/game-of-codes\/\"]}]},{\"@type\":\"ImageObject\",\"inLanguage\":\"cy\",\"@id\":\"https:\/\/www.technocamps.com\/en\/game-of-codes\/#primaryimage\",\"url\":\"https:\/\/www.technocamps.com\/wp-content\/uploads\/Game-of-Codes-2025-web-image.png\",\"contentUrl\":\"https:\/\/www.technocamps.com\/wp-content\/uploads\/Game-of-Codes-2025-web-image.png\",\"width\":3375,\"height\":3375},{\"@type\":\"WebSite\",\"@id\":\"https:\/\/www.technocamps.com\/en\/#website\",\"url\":\"https:\/\/www.technocamps.com\/en\/\",\"name\":\"Technocamps\",\"description\":\"Technocamps, Inspiring computational thinking\",\"publisher\":{\"@id\":\"https:\/\/www.technocamps.com\/en\/#organization\"},\"potentialAction\":[{\"@type\":\"SearchAction\",\"target\":{\"@type\":\"EntryPoint\",\"urlTemplate\":\"https:\/\/www.technocamps.com\/en\/?s={search_term_string}\"},\"query-input\":{\"@type\":\"PropertyValueSpecification\",\"valueRequired\":true,\"valueName\":\"search_term_string\"}}],\"inLanguage\":\"cy\"},{\"@type\":\"Organization\",\"@id\":\"https:\/\/www.technocamps.com\/en\/#organization\",\"name\":\"Technocamps\",\"url\":\"https:\/\/www.technocamps.com\/en\/\",\"logo\":{\"@type\":\"ImageObject\",\"inLanguage\":\"cy\",\"@id\":\"https:\/\/www.technocamps.com\/en\/#\/schema\/logo\/image\/\",\"url\":\"https:\/\/www.technocamps.com\/wp-content\/uploads\/TC-Marketing-Logo.png\",\"contentUrl\":\"https:\/\/www.technocamps.com\/wp-content\/uploads\/TC-Marketing-Logo.png\",\"width\":2136,\"height\":2136,\"caption\":\"Technocamps\"},\"image\":{\"@id\":\"https:\/\/www.technocamps.com\/en\/#\/schema\/logo\/image\/\"},\"sameAs\":[\"https:\/\/www.facebook.com\/Technocamps\/\",\"https:\/\/x.com\/Technocamps\",\"https:\/\/www.linkedin.com\/company\/technocamps\/\"]}]}<\/script>\n<!-- \/ Yoast SEO plugin. -->","yoast_head_json":{"title":"Game of Codes - Technocamps","robots":{"index":"index","follow":"follow","max-snippet":"max-snippet:-1","max-image-preview":"max-image-preview:large","max-video-preview":"max-video-preview:-1"},"canonical":"https:\/\/www.technocamps.com\/cy\/game-of-codes\/","og_locale":"en_US","og_type":"article","og_title":"Game of Codes - Technocamps","og_description":"Game of Codes 2026 Game of Codes is BACK! Game of Codes is back with the Technocamps pan-Wales National Game of Codes Programming Competition. The competition will enable interested pupils to develop their problem solving, communication, and teamwork skills while improving their knowledge of computer programming in a fun and inventive way. The Future: Imagining Education in 2050 This year, ... Read More","og_url":"https:\/\/www.technocamps.com\/cy\/game-of-codes\/","og_site_name":"Technocamps","article_publisher":"https:\/\/www.facebook.com\/Technocamps\/","article_modified_time":"2026-01-09T16:04:54+00:00","og_image":[{"width":3375,"height":3375,"url":"https:\/\/www.technocamps.com\/wp-content\/uploads\/Game-of-Codes-2025-web-image.png","type":"image\/png"}],"twitter_card":"summary_large_image","twitter_site":"@Technocamps","twitter_misc":{"Est. reading time":"3 munud"},"schema":{"@context":"https:\/\/schema.org","@graph":[{"@type":"WebPage","@id":"https:\/\/www.technocamps.com\/en\/game-of-codes\/","url":"https:\/\/www.technocamps.com\/en\/game-of-codes\/","name":"Game of Codes - Technocamps","isPartOf":{"@id":"https:\/\/www.technocamps.com\/en\/#website"},"primaryImageOfPage":{"@id":"https:\/\/www.technocamps.com\/en\/game-of-codes\/#primaryimage"},"image":{"@id":"https:\/\/www.technocamps.com\/en\/game-of-codes\/#primaryimage"},"thumbnailUrl":"https:\/\/www.technocamps.com\/wp-content\/uploads\/Game-of-Codes-2025-web-image.png","datePublished":"2024-11-27T13:09:33+00:00","dateModified":"2026-01-09T16:04:54+00:00","inLanguage":"cy","potentialAction":[{"@type":"ReadAction","target":["https:\/\/www.technocamps.com\/en\/game-of-codes\/"]}]},{"@type":"ImageObject","inLanguage":"cy","@id":"https:\/\/www.technocamps.com\/en\/game-of-codes\/#primaryimage","url":"https:\/\/www.technocamps.com\/wp-content\/uploads\/Game-of-Codes-2025-web-image.png","contentUrl":"https:\/\/www.technocamps.com\/wp-content\/uploads\/Game-of-Codes-2025-web-image.png","width":3375,"height":3375},{"@type":"WebSite","@id":"https:\/\/www.technocamps.com\/en\/#website","url":"https:\/\/www.technocamps.com\/en\/","name":"Technocamps","description":"Technocamps, Inspiring computational thinking","publisher":{"@id":"https:\/\/www.technocamps.com\/en\/#organization"},"potentialAction":[{"@type":"SearchAction","target":{"@type":"EntryPoint","urlTemplate":"https:\/\/www.technocamps.com\/en\/?s={search_term_string}"},"query-input":{"@type":"PropertyValueSpecification","valueRequired":true,"valueName":"search_term_string"}}],"inLanguage":"cy"},{"@type":"Organization","@id":"https:\/\/www.technocamps.com\/en\/#organization","name":"Technocamps","url":"https:\/\/www.technocamps.com\/en\/","logo":{"@type":"ImageObject","inLanguage":"cy","@id":"https:\/\/www.technocamps.com\/en\/#\/schema\/logo\/image\/","url":"https:\/\/www.technocamps.com\/wp-content\/uploads\/TC-Marketing-Logo.png","contentUrl":"https:\/\/www.technocamps.com\/wp-content\/uploads\/TC-Marketing-Logo.png","width":2136,"height":2136,"caption":"Technocamps"},"image":{"@id":"https:\/\/www.technocamps.com\/en\/#\/schema\/logo\/image\/"},"sameAs":["https:\/\/www.facebook.com\/Technocamps\/","https:\/\/x.com\/Technocamps","https:\/\/www.linkedin.com\/company\/technocamps\/"]}]}},"_links":{"self":[{"href":"https:\/\/www.technocamps.com\/cy\/wp-json\/wp\/v2\/pages\/14362","targetHints":{"allow":["GET"]}}],"collection":[{"href":"https:\/\/www.technocamps.com\/cy\/wp-json\/wp\/v2\/pages"}],"about":[{"href":"https:\/\/www.technocamps.com\/cy\/wp-json\/wp\/v2\/types\/page"}],"author":[{"embeddable":true,"href":"https:\/\/www.technocamps.com\/cy\/wp-json\/wp\/v2\/users\/22"}],"replies":[{"embeddable":true,"href":"https:\/\/www.technocamps.com\/cy\/wp-json\/wp\/v2\/comments?post=14362"}],"version-history":[{"count":25,"href":"https:\/\/www.technocamps.com\/cy\/wp-json\/wp\/v2\/pages\/14362\/revisions"}],"predecessor-version":[{"id":15415,"href":"https:\/\/www.technocamps.com\/cy\/wp-json\/wp\/v2\/pages\/14362\/revisions\/15415"}],"wp:featuredmedia":[{"embeddable":true,"href":"https:\/\/www.technocamps.com\/cy\/wp-json\/wp\/v2\/media\/14298"}],"wp:attachment":[{"href":"https:\/\/www.technocamps.com\/cy\/wp-json\/wp\/v2\/media?parent=14362"}],"curies":[{"name":"wp","href":"https:\/\/api.w.org\/{rel}","templated":true}]}}